{"id":2142,"date":"2026-02-24T22:19:22","date_gmt":"2026-02-24T21:19:22","guid":{"rendered":"https:\/\/btb.intex-biotech.ch\/mentions-legales\/"},"modified":"2026-02-25T06:33:58","modified_gmt":"2026-02-25T05:33:58","slug":"mentions-legales","status":"publish","type":"page","link":"https:\/\/btb.intex-biotech.ch\/fr\/mentions-legales\/","title":{"rendered":"Mentions l\u00e9gales"},"content":{"rendered":"<div class=\"fusion-fullwidth fullwidth-box fusion-builder-row-1 fusion-flex-container nonhundred-percent-fullwidth non-hundred-percent-height-scrolling\" style=\"--awb-border-radius-top-left:0px;--awb-border-radius-top-right:0px;--awb-border-radius-bottom-right:0px;--awb-border-radius-bottom-left:0px;--awb-flex-wrap:wrap;\" ><div class=\"fusion-builder-row fusion-row fusion-flex-align-items-flex-start fusion-flex-content-wrap\" style=\"max-width:1248px;margin-left: calc(-4% \/ 2 );margin-right: calc(-4% \/ 2 );\"><div class=\"fusion-layout-column fusion_builder_column fusion-builder-column-0 fusion_builder_column_1_1 1_1 fusion-flex-column\" style=\"--awb-bg-size:cover;--awb-width-large:100%;--awb-margin-top-large:0px;--awb-spacing-right-large:1.92%;--awb-margin-bottom-large:0px;--awb-spacing-left-large:1.92%;--awb-width-medium:100%;--awb-spacing-right-medium:1.92%;--awb-spacing-left-medium:1.92%;--awb-width-small:100%;--awb-spacing-right-small:1.92%;--awb-spacing-left-small:1.92%;\"><div class=\"fusion-column-wrapper fusion-flex-justify-content-flex-start fusion-content-layout-column\"><div class=\"fusion-text fusion-text-1\" style=\"--awb-font-size:var(--awb-typography5-font-size);--awb-line-height:var(--awb-typography5-line-height);--awb-letter-spacing:var(--awb-typography5-letter-spacing);--awb-text-transform:var(--awb-typography5-text-transform);--awb-text-font-family:var(--awb-typography5-font-family);--awb-text-font-weight:var(--awb-typography5-font-weight);--awb-text-font-style:var(--awb-typography5-font-style);\"><div class=\"elementor-element elementor-element-7942aaf5 elementor-widget elementor-widget-heading\" data-id=\"7942aaf5\" data-element_type=\"widget\" data-widget_type=\"heading.default\">\n<div class=\"elementor-widget-container\">\n<h4 class=\"elementor-heading-title elementor-size-default fusion-responsive-typography-calculated\" data-fontsize=\"38\" data-lineheight=\"45.6px\">Mentions l\u00e9gales<\/h4>\n<\/div>\n<\/div>\n<div class=\"elementor-element elementor-element-10f4d9e1 elementor-widget elementor-widget-text-editor\" data-id=\"10f4d9e1\" data-element_type=\"widget\" data-widget_type=\"text-editor.default\">\n<div class=\"elementor-widget-container\">\n<p>Intex Biotech AG<br \/>\nAdlerstr. 21<br \/>\nCH-4052 B\u00e2le<br \/>\nservice@intex-biotech.ch <\/p>\n<p>Inscription au registre du commerce :<br \/>\nN\u00b0 CH-270.3.002.940-2<\/p>\n<p>Office du registre du commerce :<br \/>\nB\u00e2le-Ville<\/p>\n<p>Personnes habilit\u00e9es \u00e0 repr\u00e9senter la soci\u00e9t\u00e9 :<br \/>\nDr Gabor Em\u00f6di, CEO<\/p>\n<p>N\u00b0 de TVA CHE-106.412.927 <\/p>\n<\/div>\n<\/div>\n<\/div><\/div><\/div><\/div><\/div>\n","protected":false},"excerpt":{"rendered":"","protected":false},"author":1,"featured_media":0,"parent":0,"menu_order":0,"comment_status":"closed","ping_status":"open","template":"","meta":{"footnotes":""},"class_list":["post-2142","page","type-page","status-publish","hentry"],"_links":{"self":[{"href":"https:\/\/btb.intex-biotech.ch\/fr\/wp-json\/wp\/v2\/pages\/2142","targetHints":{"allow":["GET"]}}],"collection":[{"href":"https:\/\/btb.intex-biotech.ch\/fr\/wp-json\/wp\/v2\/pages"}],"about":[{"href":"https:\/\/btb.intex-biotech.ch\/fr\/wp-json\/wp\/v2\/types\/page"}],"author":[{"embeddable":true,"href":"https:\/\/btb.intex-biotech.ch\/fr\/wp-json\/wp\/v2\/users\/1"}],"replies":[{"embeddable":true,"href":"https:\/\/btb.intex-biotech.ch\/fr\/wp-json\/wp\/v2\/comments?post=2142"}],"version-history":[{"count":3,"href":"https:\/\/btb.intex-biotech.ch\/fr\/wp-json\/wp\/v2\/pages\/2142\/revisions"}],"predecessor-version":[{"id":2855,"href":"https:\/\/btb.intex-biotech.ch\/fr\/wp-json\/wp\/v2\/pages\/2142\/revisions\/2855"}],"wp:attachment":[{"href":"https:\/\/btb.intex-biotech.ch\/fr\/wp-json\/wp\/v2\/media?parent=2142"}],"curies":[{"name":"wp","href":"https:\/\/api.w.org\/{rel}","templated":true}]}}