{"id":2818,"date":"2026-02-25T06:17:44","date_gmt":"2026-02-25T05:17:44","guid":{"rendered":"https:\/\/btb.intex-biotech.ch\/conditions-generales-de-vente-cgv\/"},"modified":"2026-02-25T06:21:53","modified_gmt":"2026-02-25T05:21:53","slug":"conditions-generales-de-vente-cgv","status":"publish","type":"page","link":"https:\/\/btb.intex-biotech.ch\/fr\/conditions-generales-de-vente-cgv\/","title":{"rendered":"Conditions g\u00e9n\u00e9rales de vente (CGV)"},"content":{"rendered":"<div class=\"fusion-fullwidth fullwidth-box fusion-builder-row-1 fusion-flex-container nonhundred-percent-fullwidth non-hundred-percent-height-scrolling\" style=\"--awb-border-radius-top-left:0px;--awb-border-radius-top-right:0px;--awb-border-radius-bottom-right:0px;--awb-border-radius-bottom-left:0px;--awb-flex-wrap:wrap;\" ><div class=\"fusion-builder-row fusion-row fusion-flex-align-items-flex-start fusion-flex-content-wrap\" style=\"max-width:1248px;margin-left: calc(-4% \/ 2 );margin-right: calc(-4% \/ 2 );\"><div class=\"fusion-layout-column fusion_builder_column fusion-builder-column-0 fusion_builder_column_1_1 1_1 fusion-flex-column\" style=\"--awb-bg-size:cover;--awb-width-large:100%;--awb-margin-top-large:0px;--awb-spacing-right-large:1.92%;--awb-margin-bottom-large:0px;--awb-spacing-left-large:1.92%;--awb-width-medium:100%;--awb-spacing-right-medium:1.92%;--awb-spacing-left-medium:1.92%;--awb-width-small:100%;--awb-spacing-right-small:1.92%;--awb-spacing-left-small:1.92%;\"><div class=\"fusion-column-wrapper fusion-flex-justify-content-flex-start fusion-content-layout-column\"><div class=\"fusion-text fusion-text-1\" style=\"--awb-font-size:var(--awb-typography5-font-size);--awb-line-height:var(--awb-typography5-line-height);--awb-letter-spacing:var(--awb-typography5-letter-spacing);--awb-text-transform:var(--awb-typography5-text-transform);--awb-text-font-family:var(--awb-typography5-font-family);--awb-text-font-weight:var(--awb-typography5-font-weight);--awb-text-font-style:var(--awb-typography5-font-style);\"><p><strong>Conditions g\u00e9n\u00e9rales de vente avec informations clients<\/strong><\/p>\n<p><strong>Table des mati\u00e8res<\/strong><\/p>\n<ol class=\"wp-block-list\" start=\"1\">\n<li>Champ d\u2019application<\/li>\n<li>Conclusion du contrat<\/li>\n<li>Droit de r\u00e9tractation<\/li>\n<li>Prix et conditions de paiement<\/li>\n<li>Conditions de livraison et d\u2019exp\u00e9dition<\/li>\n<li>R\u00e9serve de propri\u00e9t\u00e9<\/li>\n<li>Responsabilit\u00e9 pour d\u00e9fauts (garantie l\u00e9gale)<\/li>\n<li>Droit applicable<\/li>\n<li>R\u00e8glement alternatif des litiges<\/li>\n<\/ol>\n<p><strong>1) Champ d\u2019application<\/strong><\/p>\n<p><strong>1.1<\/strong> Les pr\u00e9sentes conditions g\u00e9n\u00e9rales de vente (ci-apr\u00e8s \u00ab CGV \u00bb) du Dr Gabor Em\u00f6di, agissant sous \u00ab INTEX Biotech AG \u00bb (ci-apr\u00e8s \u00ab le Vendeur \u00bb), s\u2019appliquent \u00e0 tous les contrats de livraison de marchandises conclus par un consommateur ou un professionnel (ci-apr\u00e8s \u00ab le Client \u00bb) avec le Vendeur concernant les marchandises pr\u00e9sent\u00e9es par le Vendeur dans sa boutique en ligne. L\u2019int\u00e9gration de conditions propres au Client est par la pr\u00e9sente refus\u00e9e, sauf accord contraire. <\/p>\n<p><strong>1.2<\/strong> Au sens des pr\u00e9sentes CGV, est consommateur toute personne physique qui conclut un acte juridique \u00e0 des fins qui ne peuvent \u00eatre imput\u00e9es, de mani\u00e8re pr\u00e9pond\u00e9rante, ni \u00e0 son activit\u00e9 commerciale ni \u00e0 son activit\u00e9 professionnelle ind\u00e9pendante.<\/p>\n<p><strong>1.3<\/strong> Au sens des pr\u00e9sentes CGV, est professionnel toute personne physique ou morale, ou toute soci\u00e9t\u00e9 de personnes dot\u00e9e de la capacit\u00e9 juridique, qui agit, lors de la conclusion d\u2019un acte juridique, dans l\u2019exercice de son activit\u00e9 commerciale ou professionnelle ind\u00e9pendante.<\/p>\n<p><strong>2) Conclusion du contrat<\/strong><\/p>\n<p><strong>2.1<\/strong> Les descriptions de produits figurant dans la boutique en ligne du Vendeur ne constituent pas des offres fermes de la part du Vendeur, mais servent \u00e0 permettre au Client de soumettre une offre ferme.<\/p>\n<p><strong>2.2<\/strong> Le Client peut soumettre l\u2019offre via le formulaire de commande en ligne int\u00e9gr\u00e9 \u00e0 la boutique en ligne du Vendeur. Ce faisant, apr\u00e8s avoir plac\u00e9 les marchandises s\u00e9lectionn\u00e9es dans le panier virtuel et suivi le processus de commande \u00e9lectronique, le Client soumet, en cliquant sur le bouton finalisant la commande, une offre contractuelle juridiquement contraignante portant sur les marchandises contenues dans le panier. Le Client peut \u00e9galement soumettre l\u2019offre au Vendeur par t\u00e9l\u00e9phone, fax, e-mail, courrier postal ou via le formulaire de contact en ligne.  <\/p>\n<p><strong>2.3<\/strong> Le Vendeur peut accepter l\u2019offre du Client dans un d\u00e9lai de cinq jours,<\/p>\n<ul class=\"wp-block-list\">\n<li>en adressant au Client une confirmation de commande \u00e9crite ou une confirmation de commande sous forme de texte (fax ou e-mail), la r\u00e9ception de la confirmation de commande par le Client faisant foi \u00e0 cet \u00e9gard, ou<\/li>\n<li>en livrant au Client la marchandise command\u00e9e, la r\u00e9ception de la marchandise par le Client faisant foi \u00e0 cet \u00e9gard, ou<\/li>\n<li>en demandant au Client de proc\u00e9der au paiement apr\u00e8s la passation de sa commande.<\/li>\n<\/ul>\n<p>Si plusieurs des alternatives susmentionn\u00e9es se pr\u00e9sentent, le contrat est conclu au moment o\u00f9 l\u2019une des alternatives susmentionn\u00e9es intervient en premier. Le d\u00e9lai d\u2019acceptation de l\u2019offre commence \u00e0 courir le jour suivant l\u2019envoi de l\u2019offre par le Client et expire \u00e0 la fin du cinqui\u00e8me jour suivant l\u2019envoi de l\u2019offre. Si le Vendeur n\u2019accepte pas l\u2019offre du Client dans le d\u00e9lai susmentionn\u00e9, cela vaut refus de l\u2019offre, avec pour cons\u00e9quence que le Client n\u2019est plus li\u00e9 par sa d\u00e9claration de volont\u00e9.  <\/p>\n<p><strong>2.4<\/strong> En cas de s\u00e9lection d\u2019un mode de paiement propos\u00e9 par PayPal, le traitement du paiement est effectu\u00e9 via le prestataire de services de paiement Twinnt (Europe) S.\u00e0 r.l. et Cie, S.C.A., 22-24 Boulevard Royal, L-2449 Luxembourg (ci-apr\u00e8s : \u00ab Twint \u00bb), conform\u00e9ment aux conditions d\u2019utilisation de Twint, consultables \u00e0 l\u2019adresse <a href=\"https:\/\/www.paypal.com\/de\/webapps\/mpp\/ua\/useragreement-full\" target=\"_blank\" rel=\"noreferrer noopener\">https:\/\/www.paypal.com\/de\/webapps\/mpp\/ua\/useragreement-full<\/a> ou \u2013 si le Client ne dispose pas d\u2019un compte PayPal \u2013 conform\u00e9ment aux conditions applicables aux paiements sans compte Twint, consultables \u00e0 l\u2019adresse <a href=\"http:\/\/twint.com\/\">https:\/\/www.twint.com\/de\/webapps\/mpp\/ua\/privacywax-full<\/a>. Si le Client paie au moyen d\u2019un mode de paiement propos\u00e9 par Twint et s\u00e9lectionnable lors du processus de commande en ligne, le Vendeur d\u00e9clare d\u2019ores et d\u00e9j\u00e0 accepter l\u2019offre du Client au moment o\u00f9 le Client clique sur le bouton qui finalise la commande. <\/p>\n<p><strong>2.5<\/strong> En cas de soumission d\u2019une offre via le formulaire de commande en ligne du Vendeur, le texte du contrat est enregistr\u00e9 par le Vendeur apr\u00e8s la conclusion du contrat et transmis au Client, apr\u00e8s l\u2019envoi de sa commande, sous forme de texte (p. ex. e-mail, fax ou courrier). Le Vendeur ne met pas le texte du contrat \u00e0 disposition au-del\u00e0 de cela. Si le Client a cr\u00e9\u00e9 un compte utilisateur dans la boutique en ligne du Vendeur avant l\u2019envoi de sa commande, les donn\u00e9es de commande sont archiv\u00e9es sur le site du Vendeur et peuvent \u00eatre consult\u00e9es gratuitement par le Client via son compte utilisateur prot\u00e9g\u00e9 par mot de passe, en indiquant les identifiants de connexion correspondants.  <\/p>\n<p><strong>2.6<\/strong> Avant de soumettre la commande de mani\u00e8re contraignante via le formulaire de commande en ligne du Vendeur, le Client peut d\u00e9tecter d\u2019\u00e9ventuelles erreurs de saisie en lisant attentivement les informations affich\u00e9es \u00e0 l\u2019\u00e9cran. Un moyen technique efficace pour mieux d\u00e9tecter les erreurs de saisie peut \u00eatre la fonction de zoom du navigateur, qui permet d\u2019agrandir l\u2019affichage \u00e0 l\u2019\u00e9cran. Le Client peut corriger ses saisies, dans le cadre du processus de commande \u00e9lectronique, au moyen des fonctions habituelles du clavier et de la souris, jusqu\u2019\u00e0 ce qu\u2019il clique sur le bouton qui finalise la commande.  <\/p>\n<p><strong>2.7<\/strong> La langue allemande et la langue anglaise sont disponibles pour la conclusion du contrat.<\/p>\n<p><strong>2.8<\/strong> Le traitement des commandes et la prise de contact s\u2019effectuent en r\u00e8gle g\u00e9n\u00e9rale par e-mail et via un traitement automatis\u00e9 des commandes. Le Client doit s\u2019assurer que l\u2019adresse e-mail qu\u2019il a indiqu\u00e9e pour le traitement de la commande est correcte, afin que les e-mails envoy\u00e9s par le Vendeur puissent \u00eatre re\u00e7us \u00e0 cette adresse. En particulier, en cas d\u2019utilisation de filtres anti-spam, le Client doit s\u2019assurer que tous les e-mails envoy\u00e9s par le Vendeur ou par des tiers mandat\u00e9s par celui-ci pour le traitement de la commande puissent \u00eatre d\u00e9livr\u00e9s.  <\/p>\n<p><strong>3) Droit de r\u00e9tractation<\/strong><\/p>\n<p><strong>3.1<\/strong> Les consommateurs disposent en principe d\u2019un droit de r\u00e9tractation.<\/p>\n<p><strong>3.2<\/strong> Des informations plus d\u00e9taill\u00e9es sur le droit de r\u00e9tractation figurent dans l\u2019information sur la r\u00e9tractation du Vendeur.<\/p>\n<p><strong>4) Prix et conditions de paiement<\/strong><\/p>\n<p><strong>4.1<\/strong> Sauf indication contraire dans la description du produit du Vendeur, les prix indiqu\u00e9s sont des prix totaux incluant la TVA l\u00e9gale. Les \u00e9ventuels frais de livraison et d\u2019exp\u00e9dition suppl\u00e9mentaires sont indiqu\u00e9s s\u00e9par\u00e9ment dans la description du produit concern\u00e9. <\/p>\n<p><strong>4.2<\/strong> Le(s) mode(s) de paiement est\/sont communiqu\u00e9(s) au Client dans la boutique en ligne du Vendeur.<\/p>\n<p><strong>4.3<\/strong> Si un paiement anticip\u00e9 par virement bancaire est convenu, le paiement est exigible imm\u00e9diatement apr\u00e8s la conclusion du contrat, sauf si les parties ont convenu d\u2019une date d\u2019\u00e9ch\u00e9ance ult\u00e9rieure.<\/p>\n<p><strong>4.4<\/strong> En cas de s\u00e9lection d\u2019un mode de paiement propos\u00e9 via le service de paiement \u00ab Twint \u00bb, le traitement du paiement est effectu\u00e9 via Twint, Twint pouvant \u00e9galement recourir aux services de prestataires de services de paiement tiers. Si le Vendeur propose via Twint \u00e9galement des modes de paiement pour lesquels il avance la prestation vis-\u00e0-vis du Client (p. ex. achat sur facture ou paiement \u00e9chelonn\u00e9), il c\u00e8de sa cr\u00e9ance de paiement \u00e0 Twint ou au prestataire de services de paiement mandat\u00e9 par Twint et d\u00e9sign\u00e9 concr\u00e8tement au Client. Avant d\u2019accepter la d\u00e9claration de cession du Vendeur, Twint ou le prestataire de services de paiement mandat\u00e9 par Twint proc\u00e8de \u00e0 une v\u00e9rification de solvabilit\u00e9 en utilisant les donn\u00e9es client transmises. Le Vendeur se r\u00e9serve le droit de refuser au Client le mode de paiement s\u00e9lectionn\u00e9 en cas de r\u00e9sultat n\u00e9gatif de la v\u00e9rification. En cas d\u2019acceptation du mode de paiement s\u00e9lectionn\u00e9, le Client doit payer le montant de la facture dans le d\u00e9lai de paiement convenu ou selon les intervalles de paiement convenus. Dans ce cas, il ne peut s\u2019acquitter de sa dette qu\u2019en payant \u00e0 Twint ou au prestataire de services de paiement mandat\u00e9 par Twint, avec effet lib\u00e9ratoire. Toutefois, m\u00eame en cas de cession de cr\u00e9ance, le Vendeur demeure comp\u00e9tent pour les demandes g\u00e9n\u00e9rales des clients, p. ex. concernant la marchandise, le d\u00e9lai de livraison, l\u2019exp\u00e9dition, les retours, les r\u00e9clamations, les d\u00e9clarations et envois de r\u00e9tractation, ou les avoirs.      <\/p>\n<p><strong>5) Conditions de livraison et d\u2019exp\u00e9dition<\/strong><\/p>\n<p><strong>5.1<\/strong> Si le Vendeur propose l\u2019exp\u00e9dition de la marchandise, la livraison est effectu\u00e9e dans la zone de livraison indiqu\u00e9e par le Vendeur \u00e0 l\u2019adresse de livraison indiqu\u00e9e par le Client, sauf accord contraire. Lors du traitement de la transaction, l\u2019adresse de livraison indiqu\u00e9e dans le traitement de commande du Vendeur fait foi. <\/p>\n<p><strong>5.2<\/strong> Si la livraison de la marchandise \u00e9choue pour des raisons imputables au Client, le Client supporte les frais raisonnables qui en r\u00e9sultent pour le Vendeur. Cela ne s\u2019applique pas aux frais d\u2019envoi si le Client exerce valablement son droit de r\u00e9tractation. Pour les frais de retour, en cas d\u2019exercice valable du droit de r\u00e9tractation par le Client, la r\u00e8gle pr\u00e9vue \u00e0 cet effet dans l\u2019information sur la r\u00e9tractation s\u2019applique.  <\/p>\n<p><strong>5.3<\/strong> Si le Client agit en tant que professionnel, le risque de perte fortuite et de d\u00e9t\u00e9rioration fortuite de la marchandise vendue est transf\u00e9r\u00e9 au Client d\u00e8s que le Vendeur a remis la chose au transitaire, au transporteur ou \u00e0 toute autre personne ou institution charg\u00e9e de l\u2019exp\u00e9dition. Si le Client agit en tant que consommateur, le risque de perte fortuite et de d\u00e9t\u00e9rioration fortuite de la marchandise vendue n\u2019est en principe transf\u00e9r\u00e9 qu\u2019au moment de la remise de la marchandise au Client ou \u00e0 une personne habilit\u00e9e \u00e0 la recevoir. Par d\u00e9rogation, le risque de perte fortuite et de d\u00e9t\u00e9rioration fortuite de la marchandise vendue est transf\u00e9r\u00e9 au Client, y compris pour les consommateurs, d\u00e8s que le Vendeur a remis la chose au transitaire, au transporteur ou \u00e0 toute autre personne ou institution charg\u00e9e de l\u2019exp\u00e9dition, si le Client a mandat\u00e9 le transitaire, le transporteur ou toute autre personne ou institution charg\u00e9e de l\u2019exp\u00e9dition pour l\u2019ex\u00e9cution et si le Vendeur n\u2019a pas pr\u00e9alablement d\u00e9sign\u00e9 cette personne ou institution au Client.  <\/p>\n<p><strong>5.4<\/strong> Le Vendeur se r\u00e9serve le droit de se retirer du contrat en cas de non-approvisionnement correct ou non conforme. Cela ne s\u2019applique que si la non-livraison n\u2019est pas imputable au Vendeur et si celui-ci a conclu, avec la diligence requise, une op\u00e9ration de couverture concr\u00e8te avec le fournisseur. Le Vendeur entreprendra tous les efforts raisonnables pour se procurer la marchandise. En cas d\u2019indisponibilit\u00e9 ou de disponibilit\u00e9 partielle seulement de la marchandise, le Client en sera inform\u00e9 sans d\u00e9lai et la contrepartie sera rembours\u00e9e sans d\u00e9lai.   <\/p>\n<p><strong>5.5<\/strong> Si le Vendeur propose le retrait de la marchandise, le Client peut retirer la marchandise command\u00e9e pendant les heures d\u2019ouverture indiqu\u00e9es par le Vendeur, \u00e0 l\u2019adresse indiqu\u00e9e par le Vendeur. Dans ce cas, aucun frais d\u2019exp\u00e9dition n\u2019est factur\u00e9. <\/p>\n<p><strong>6) R\u00e9serve de propri\u00e9t\u00e9<\/strong><\/p>\n<p>Si le Vendeur fournit une prestation anticip\u00e9e, il se r\u00e9serve la propri\u00e9t\u00e9 de la marchandise livr\u00e9e jusqu\u2019au paiement int\u00e9gral du prix d\u2019achat d\u00fb.<\/p>\n<p><strong>7) Responsabilit\u00e9 pour d\u00e9fauts (garantie l\u00e9gale)<\/strong><\/p>\n<p><strong>7.1<\/strong> Sauf disposition contraire des r\u00e8gles ci-apr\u00e8s, les dispositions de la garantie l\u00e9gale des d\u00e9fauts s\u2019appliquent. Par d\u00e9rogation, pour les contrats de livraison de marchandises : <\/p>\n<p><strong>7.2<\/strong> Si le Client agit en tant que professionnel,<\/p>\n<ul class=\"wp-block-list\">\n<li>le Vendeur choisit le mode d\u2019ex\u00e9cution ult\u00e9rieure ;<\/li>\n<li>pour les marchandises neuves, le d\u00e9lai de prescription des d\u00e9fauts est d\u2019un an \u00e0 compter de la livraison de la marchandise ;<\/li>\n<li>pour les marchandises d\u2019occasion, les droits et pr\u00e9tentions li\u00e9s aux d\u00e9fauts sont exclus ;<\/li>\n<li>la prescription ne recommence pas \u00e0 courir si une livraison de remplacement est effectu\u00e9e dans le cadre de la responsabilit\u00e9 pour d\u00e9fauts.<\/li>\n<\/ul>\n<p><strong>7.3<\/strong> Les limitations de responsabilit\u00e9 et r\u00e9ductions de d\u00e9lais pr\u00e9vues ci-dessus ne s\u2019appliquent pas<\/p>\n<ul class=\"wp-block-list\">\n<li>aux demandes de dommages-int\u00e9r\u00eats et de remboursement de frais du Client,<\/li>\n<li>dans le cas o\u00f9 le Vendeur a dissimul\u00e9 le d\u00e9faut de mani\u00e8re dolosive,<\/li>\n<li>aux marchandises qui ont \u00e9t\u00e9 utilis\u00e9es pour un ouvrage conform\u00e9ment \u00e0 leur usage habituel et qui ont caus\u00e9 la d\u00e9fectuosit\u00e9 de celui-ci,<\/li>\n<li>\u00e0 une \u00e9ventuelle obligation du Vendeur de fournir des mises \u00e0 jour pour des produits num\u00e9riques, dans le cadre de contrats de livraison de marchandises comportant des \u00e9l\u00e9ments num\u00e9riques.<\/li>\n<\/ul>\n<p><strong>7.4<\/strong> En outre, pour les professionnels, les d\u00e9lais de prescription l\u00e9gaux d\u2019un \u00e9ventuel recours l\u00e9gal demeurent inchang\u00e9s.<\/p>\n<p><strong>7.5<\/strong> Si le Client est commer\u00e7ant au sens de l\u2019article 1 du HGB, il est soumis \u00e0 l\u2019obligation commerciale d\u2019examen et de r\u00e9clamation conform\u00e9ment \u00e0 l\u2019article 377 du HGB. Si le Client omet les obligations de notification qui y sont pr\u00e9vues, la marchandise est r\u00e9put\u00e9e accept\u00e9e. <\/p>\n<p><strong>7.6<\/strong> Si le Client agit en tant que consommateur, il lui est demand\u00e9 de signaler au livreur les marchandises livr\u00e9es pr\u00e9sentant des dommages de transport manifestes et d\u2019en informer le Vendeur. Si le Client ne le fait pas, cela n\u2019a aucune incidence sur ses droits l\u00e9gaux ou contractuels au titre des d\u00e9fauts. <\/p>\n<p><strong>8) Droit applicable<\/strong><\/p>\n<p>Pour toutes les relations juridiques entre les parties, le droit de la R\u00e9publique f\u00e9d\u00e9rale d\u2019Allemagne s\u2019applique, \u00e0 l\u2019exclusion des lois relatives \u00e0 la vente internationale de marchandises mobili\u00e8res. Pour les consommateurs, ce choix de loi ne s\u2019applique que dans la mesure o\u00f9 la protection accord\u00e9e n\u2019est pas retir\u00e9e par des dispositions imp\u00e9ratives du droit de l\u2019\u00c9tat dans lequel le consommateur a sa r\u00e9sidence habituelle. <\/p>\n<p><strong>9) R\u00e8glement alternatif des litiges<\/strong><\/p>\n<p><strong>9.1<\/strong> La Commission europ\u00e9enne met \u00e0 disposition sur Internet, au lien suivant, une plateforme de r\u00e8glement en ligne des litiges : <a href=\"https:\/\/ec.europa.eu\/consumers\/odr\" target=\"_blank\" rel=\"noreferrer noopener\">https:\/\/ec.europa.eu\/consumers\/odr<\/a><\/p>\n<p>Cette plateforme sert de point de contact pour le r\u00e8glement extrajudiciaire des litiges issus de contrats d\u2019achat en ligne ou de prestation de services en ligne auxquels un consommateur est partie.<\/p>\n<p><strong>9.2<\/strong> Le Vendeur n\u2019est ni tenu ni dispos\u00e9 \u00e0 participer \u00e0 une proc\u00e9dure de r\u00e8glement des litiges devant un organisme de m\u00e9diation des consommateurs.<\/p>\n<\/div><\/div><\/div><\/div><\/div>\n","protected":false},"excerpt":{"rendered":"","protected":false},"author":1,"featured_media":0,"parent":0,"menu_order":0,"comment_status":"closed","ping_status":"open","template":"","meta":{"footnotes":""},"class_list":["post-2818","page","type-page","status-publish","hentry"],"_links":{"self":[{"href":"https:\/\/btb.intex-biotech.ch\/fr\/wp-json\/wp\/v2\/pages\/2818","targetHints":{"allow":["GET"]}}],"collection":[{"href":"https:\/\/btb.intex-biotech.ch\/fr\/wp-json\/wp\/v2\/pages"}],"about":[{"href":"https:\/\/btb.intex-biotech.ch\/fr\/wp-json\/wp\/v2\/types\/page"}],"author":[{"embeddable":true,"href":"https:\/\/btb.intex-biotech.ch\/fr\/wp-json\/wp\/v2\/users\/1"}],"replies":[{"embeddable":true,"href":"https:\/\/btb.intex-biotech.ch\/fr\/wp-json\/wp\/v2\/comments?post=2818"}],"version-history":[{"count":5,"href":"https:\/\/btb.intex-biotech.ch\/fr\/wp-json\/wp\/v2\/pages\/2818\/revisions"}],"predecessor-version":[{"id":2827,"href":"https:\/\/btb.intex-biotech.ch\/fr\/wp-json\/wp\/v2\/pages\/2818\/revisions\/2827"}],"wp:attachment":[{"href":"https:\/\/btb.intex-biotech.ch\/fr\/wp-json\/wp\/v2\/media?parent=2818"}],"curies":[{"name":"wp","href":"https:\/\/api.w.org\/{rel}","templated":true}]}}